{"id":193,"date":"2025-10-12T11:08:08","date_gmt":"2025-10-12T11:08:08","guid":{"rendered":"https:\/\/fischereivereinleingarten.de\/?page_id=193"},"modified":"2025-10-13T17:22:37","modified_gmt":"2025-10-13T17:22:37","slug":"kaesritt-2025","status":"publish","type":"page","link":"https:\/\/fischereivereinleingarten.de\/?page_id=193","title":{"rendered":"K\u00e4sritt 2025"},"content":{"rendered":"\n<div class=\"wp-block-group alignfull has-background-background-color has-background has-global-padding is-layout-constrained wp-container-core-group-is-layout-7276a2bb wp-block-group-is-layout-constrained\" style=\"margin-top:0;margin-bottom:0;padding-top:var(--wp--preset--spacing--60);padding-right:var(--wp--preset--spacing--30);padding-bottom:var(--wp--preset--spacing--60);padding-left:var(--wp--preset--spacing--30)\">\n<div class=\"wp-block-columns alignwide are-vertically-aligned-center is-layout-flex wp-container-core-columns-is-layout-47c06fe3 wp-block-columns-is-layout-flex\">\n<div class=\"wp-block-column is-vertically-aligned-center is-layout-flow wp-block-column-is-layout-flow\" style=\"flex-basis:60%\">\n<h2 class=\"wp-block-heading has-large-font-size\">Die Gr\u00fcndung der Gruppe &#8222;Wagenbau&#8220;<\/h2>\n\n\n\n<p style=\"margin-top:16px\">Als der Aufruf der Stadt Leingarten kam, dass sich die Vereine wieder aktiv am K\u00e4seritt und dem gro\u00dfen Umzug beteiligen sollen, war f\u00fcr uns Fischer sofort klar: <strong>Na klar, da sind wir wieder dabei!<\/strong><\/p>\n\n\n\n<p>Das Thema war auch schnell gefunden. Da unser Verein 1972 gegr\u00fcndet wurde, lag es auf der Hand, dem Wagen den Titel <strong>\u201eDie Fischerin vom Eichbottsee\u201c<\/strong> zu geben. Nat\u00fcrlich sollte auch die Kleidung stilecht zum Gr\u00fcndungsjahr passen \u2013 schlie\u00dflich wollten wir ja nicht nur mitfahren, sondern auch richtig was f\u00fcrs Auge bieten!<\/p>\n\n\n\n<p style=\"margin-top:16px\">Jetzt fehlte nur noch jemand, der das Ganze organisiert und in die Tat umsetzt. Gesagt, getan: <strong>Axel Schampera<\/strong>, <strong>Eugen Herzog<\/strong> und <strong>Andreas Schuster<\/strong> erkl\u00e4rten sich spontan bereit und gr\u00fcndeten die Gruppe <strong>\u201eWagenbau\u201c<\/strong>.<br>Dann wurde geplant, geschraubt, gemalt und gelacht \u2013 und am Ende stand ein Wagen, auf den der ganze Verein stolz sein konnte!<\/p>\n<\/div>\n\n\n\n<div class=\"wp-block-column is-vertically-aligned-center is-layout-flow wp-container-core-column-is-layout-f5bb311e wp-block-column-is-layout-flow\" style=\"flex-basis:50%\">\n<figure class=\"wp-block-image size-large\"><img loading=\"lazy\" decoding=\"async\" width=\"776\" height=\"1024\" src=\"https:\/\/fischereivereinleingarten.de\/wp-content\/uploads\/2025\/10\/461e4028-0c21-4d45-89fa-960efeee890b-776x1024.jpg\" alt=\"\" class=\"wp-image-194\" style=\"aspect-ratio:4\/3;object-fit:cover\" srcset=\"https:\/\/fischereivereinleingarten.de\/wp-content\/uploads\/2025\/10\/461e4028-0c21-4d45-89fa-960efeee890b-776x1024.jpg 776w, https:\/\/fischereivereinleingarten.de\/wp-content\/uploads\/2025\/10\/461e4028-0c21-4d45-89fa-960efeee890b-227x300.jpg 227w, https:\/\/fischereivereinleingarten.de\/wp-content\/uploads\/2025\/10\/461e4028-0c21-4d45-89fa-960efeee890b-768x1014.jpg 768w, https:\/\/fischereivereinleingarten.de\/wp-content\/uploads\/2025\/10\/461e4028-0c21-4d45-89fa-960efeee890b-1164x1536.jpg 1164w, https:\/\/fischereivereinleingarten.de\/wp-content\/uploads\/2025\/10\/461e4028-0c21-4d45-89fa-960efeee890b.jpg 1179w\" sizes=\"auto, (max-width: 776px) 100vw, 776px\" \/><\/figure>\n<\/div>\n<\/div>\n<\/div>\n\n\n\n<div class=\"wp-block-group alignfull has-tertiary-background-color has-background has-global-padding is-layout-constrained wp-container-core-group-is-layout-7276a2bb wp-block-group-is-layout-constrained\" style=\"margin-top:0;margin-bottom:0;padding-top:var(--wp--preset--spacing--60);padding-right:var(--wp--preset--spacing--30);padding-bottom:var(--wp--preset--spacing--60);padding-left:var(--wp--preset--spacing--30)\">\n<div class=\"wp-block-group alignwide has-global-padding is-content-justification-center is-layout-constrained wp-block-group-is-layout-constrained\">\n<h2 class=\"wp-block-heading has-text-align-center has-large-font-size\">Die Entstehung des Wagens in Bilder.<\/h2>\n\n\n\n<p class=\"has-text-align-center\" style=\"margin-top:16px\"><\/p>\n<\/div>\n\n\n\n<div class=\"wp-block-columns alignwide is-layout-flex wp-container-core-columns-is-layout-d0bbbce0 wp-block-columns-is-layout-flex\">\n<div class=\"wp-block-column is-layout-flow wp-block-column-is-layout-flow\">\n<figure class=\"wp-block-image size-large is-resized\"><img loading=\"lazy\" decoding=\"async\" width=\"768\" height=\"1024\" src=\"https:\/\/fischereivereinleingarten.de\/wp-content\/uploads\/2025\/10\/9172bd56-b530-45ee-be82-53e94eccd56f-768x1024.jpg\" alt=\"\" class=\"wp-image-240\" style=\"width:793px;height:auto\" srcset=\"https:\/\/fischereivereinleingarten.de\/wp-content\/uploads\/2025\/10\/9172bd56-b530-45ee-be82-53e94eccd56f-768x1024.jpg 768w, https:\/\/fischereivereinleingarten.de\/wp-content\/uploads\/2025\/10\/9172bd56-b530-45ee-be82-53e94eccd56f-225x300.jpg 225w, https:\/\/fischereivereinleingarten.de\/wp-content\/uploads\/2025\/10\/9172bd56-b530-45ee-be82-53e94eccd56f-1152x1536.jpg 1152w, https:\/\/fischereivereinleingarten.de\/wp-content\/uploads\/2025\/10\/9172bd56-b530-45ee-be82-53e94eccd56f.jpg 1200w\" sizes=\"auto, (max-width: 768px) 100vw, 768px\" \/><\/figure>\n\n\n\n<figure class=\"wp-block-image size-full is-resized\"><img loading=\"lazy\" decoding=\"async\" width=\"1600\" height=\"1200\" src=\"https:\/\/fischereivereinleingarten.de\/wp-content\/uploads\/2025\/10\/51c4e333-88d7-4925-8b40-07247ae56a98.jpg\" alt=\"\" class=\"wp-image-243\" style=\"width:793px;height:auto\" srcset=\"https:\/\/fischereivereinleingarten.de\/wp-content\/uploads\/2025\/10\/51c4e333-88d7-4925-8b40-07247ae56a98.jpg 1600w, https:\/\/fischereivereinleingarten.de\/wp-content\/uploads\/2025\/10\/51c4e333-88d7-4925-8b40-07247ae56a98-300x225.jpg 300w, https:\/\/fischereivereinleingarten.de\/wp-content\/uploads\/2025\/10\/51c4e333-88d7-4925-8b40-07247ae56a98-1024x768.jpg 1024w, https:\/\/fischereivereinleingarten.de\/wp-content\/uploads\/2025\/10\/51c4e333-88d7-4925-8b40-07247ae56a98-768x576.jpg 768w, https:\/\/fischereivereinleingarten.de\/wp-content\/uploads\/2025\/10\/51c4e333-88d7-4925-8b40-07247ae56a98-1536x1152.jpg 1536w\" sizes=\"auto, (max-width: 1600px) 100vw, 1600px\" \/><\/figure>\n\n\n\n<figure class=\"wp-block-image size-large is-resized\"><img loading=\"lazy\" decoding=\"async\" width=\"768\" height=\"1024\" src=\"https:\/\/fischereivereinleingarten.de\/wp-content\/uploads\/2025\/10\/9fdb2633-a326-4964-9813-57b3a8c0d8cd-1-768x1024.jpg\" alt=\"\" class=\"wp-image-242\" style=\"width:793px;height:auto\" srcset=\"https:\/\/fischereivereinleingarten.de\/wp-content\/uploads\/2025\/10\/9fdb2633-a326-4964-9813-57b3a8c0d8cd-1-768x1024.jpg 768w, https:\/\/fischereivereinleingarten.de\/wp-content\/uploads\/2025\/10\/9fdb2633-a326-4964-9813-57b3a8c0d8cd-1-225x300.jpg 225w, https:\/\/fischereivereinleingarten.de\/wp-content\/uploads\/2025\/10\/9fdb2633-a326-4964-9813-57b3a8c0d8cd-1-1152x1536.jpg 1152w, https:\/\/fischereivereinleingarten.de\/wp-content\/uploads\/2025\/10\/9fdb2633-a326-4964-9813-57b3a8c0d8cd-1-1536x2048.jpg 1536w, https:\/\/fischereivereinleingarten.de\/wp-content\/uploads\/2025\/10\/9fdb2633-a326-4964-9813-57b3a8c0d8cd-1-scaled.jpg 1920w\" sizes=\"auto, (max-width: 768px) 100vw, 768px\" \/><\/figure>\n\n\n\n<figure class=\"wp-block-image size-large is-resized\"><img loading=\"lazy\" decoding=\"async\" width=\"1024\" height=\"576\" src=\"https:\/\/fischereivereinleingarten.de\/wp-content\/uploads\/2025\/10\/cdbc6ebc-e327-4448-9267-7be32a3a5ab9-1-1024x576.jpg\" alt=\"\" class=\"wp-image-196\" style=\"width:793px;height:auto\" srcset=\"https:\/\/fischereivereinleingarten.de\/wp-content\/uploads\/2025\/10\/cdbc6ebc-e327-4448-9267-7be32a3a5ab9-1-1024x576.jpg 1024w, https:\/\/fischereivereinleingarten.de\/wp-content\/uploads\/2025\/10\/cdbc6ebc-e327-4448-9267-7be32a3a5ab9-1-300x169.jpg 300w, https:\/\/fischereivereinleingarten.de\/wp-content\/uploads\/2025\/10\/cdbc6ebc-e327-4448-9267-7be32a3a5ab9-1-768x432.jpg 768w, https:\/\/fischereivereinleingarten.de\/wp-content\/uploads\/2025\/10\/cdbc6ebc-e327-4448-9267-7be32a3a5ab9-1-1536x864.jpg 1536w, https:\/\/fischereivereinleingarten.de\/wp-content\/uploads\/2025\/10\/cdbc6ebc-e327-4448-9267-7be32a3a5ab9-1.jpg 1599w\" sizes=\"auto, (max-width: 1024px) 100vw, 1024px\" \/><\/figure>\n\n\n\n<figure class=\"wp-block-image size-large is-resized\"><img loading=\"lazy\" decoding=\"async\" width=\"1024\" height=\"768\" src=\"https:\/\/fischereivereinleingarten.de\/wp-content\/uploads\/2025\/10\/9e33e696-91e0-4b9a-9976-901b4ede534a-1024x768.jpg\" alt=\"\" class=\"wp-image-213\" style=\"width:790px;height:auto\" srcset=\"https:\/\/fischereivereinleingarten.de\/wp-content\/uploads\/2025\/10\/9e33e696-91e0-4b9a-9976-901b4ede534a-1024x768.jpg 1024w, https:\/\/fischereivereinleingarten.de\/wp-content\/uploads\/2025\/10\/9e33e696-91e0-4b9a-9976-901b4ede534a-300x225.jpg 300w, https:\/\/fischereivereinleingarten.de\/wp-content\/uploads\/2025\/10\/9e33e696-91e0-4b9a-9976-901b4ede534a-768x576.jpg 768w, https:\/\/fischereivereinleingarten.de\/wp-content\/uploads\/2025\/10\/9e33e696-91e0-4b9a-9976-901b4ede534a-1536x1152.jpg 1536w, https:\/\/fischereivereinleingarten.de\/wp-content\/uploads\/2025\/10\/9e33e696-91e0-4b9a-9976-901b4ede534a.jpg 1600w\" sizes=\"auto, (max-width: 1024px) 100vw, 1024px\" \/><\/figure>\n\n\n\n<figure class=\"wp-block-image size-large is-resized\"><img loading=\"lazy\" decoding=\"async\" width=\"1024\" height=\"756\" src=\"https:\/\/fischereivereinleingarten.de\/wp-content\/uploads\/2025\/10\/36cc116d-62c6-4bb5-8e14-a4eab4b85b9f-1024x756.jpg\" alt=\"\" class=\"wp-image-197\" style=\"width:794px;height:auto\" srcset=\"https:\/\/fischereivereinleingarten.de\/wp-content\/uploads\/2025\/10\/36cc116d-62c6-4bb5-8e14-a4eab4b85b9f-1024x756.jpg 1024w, https:\/\/fischereivereinleingarten.de\/wp-content\/uploads\/2025\/10\/36cc116d-62c6-4bb5-8e14-a4eab4b85b9f-300x222.jpg 300w, https:\/\/fischereivereinleingarten.de\/wp-content\/uploads\/2025\/10\/36cc116d-62c6-4bb5-8e14-a4eab4b85b9f-768x567.jpg 768w, https:\/\/fischereivereinleingarten.de\/wp-content\/uploads\/2025\/10\/36cc116d-62c6-4bb5-8e14-a4eab4b85b9f.jpg 1179w\" sizes=\"auto, (max-width: 1024px) 100vw, 1024px\" \/><\/figure>\n<\/div>\n<\/div>\n<\/div>\n\n\n\n<div class=\"wp-block-group alignfull has-background-background-color has-background has-global-padding is-layout-constrained wp-container-core-group-is-layout-7276a2bb wp-block-group-is-layout-constrained\" style=\"margin-top:0;margin-bottom:0;padding-top:var(--wp--preset--spacing--60);padding-right:var(--wp--preset--spacing--30);padding-bottom:var(--wp--preset--spacing--60);padding-left:var(--wp--preset--spacing--30)\">\n<div class=\"wp-block-group alignwide is-vertical is-layout-flex wp-container-core-group-is-layout-fe9cc265 wp-block-group-is-layout-flex\">\n<div class=\"wp-block-group has-global-padding is-layout-constrained wp-block-group-is-layout-constrained\">\n<h2 class=\"wp-block-heading has-large-font-size\">Der K\u00e4sritt-Umzug<\/h2>\n\n\n\n<p>Bei durchwachsenem Wetter, ab und zu blitzte sogar die Sonne hervor \u2013 etwas windig, aber zum Gl\u00fcck trocken \u2013 trafen sich alle, die den Umzug begleiteten, in bunten Kost\u00fcmen der 70er Jahre, stilecht vom Theaterverleih zur Verf\u00fcgung gestellt.<\/p>\n\n\n\n<p>Trotz launigem Himmel war die Stimmung super! F\u00fcr die Kinder gab es <strong>Ahoj-Brause<\/strong> und die Erwachsenen konnten \u2013 wenn sie geschickt genug waren \u2013 an den Angeln befestigte Eimerchen fangen. Darin versteckten sich kleine \u201e<strong>Kl\u00f6pferchen<\/strong>\u201c, die nat\u00fcrlich sofort f\u00fcr gute Laune sorgten.<\/p>\n\n\n\n<p><strong>Der Fischereiverein Leingarten<\/strong> bedankt sich herzlich bei allen Helferinnen und Helfern \u2013 insbesondere bei der Familie Werner, die uns gro\u00dfz\u00fcgig ihre Scheune und ihr Gespann zur Verf\u00fcgung gestellt hat \u2013, bei allen, die sich den Umzug in den Stra\u00dfen von Leingarten angeschaut und zur tollen Stimmung beigetragen haben, sowie bei der Stadt Leingarten f\u00fcr die Unterst\u00fctzung beim Wagenbau.<\/p>\n\n\n\n<p>Ein gro\u00dfes Dankesch\u00f6n an alle!<\/p>\n<\/div>\n<\/div>\n\n\n\n<div class=\"wp-block-group alignwide has-global-padding is-layout-constrained wp-block-group-is-layout-constrained\">\n<div class=\"wp-block-columns alignwide is-layout-flex wp-container-core-columns-is-layout-87beb0d0 wp-block-columns-is-layout-flex\">\n<div class=\"wp-block-column is-layout-flow wp-container-core-column-is-layout-f5bb311e wp-block-column-is-layout-flow\">\n<figure class=\"wp-block-image size-large ext-aspect-landscape\"><img loading=\"lazy\" decoding=\"async\" width=\"1024\" height=\"768\" src=\"https:\/\/fischereivereinleingarten.de\/wp-content\/uploads\/2025\/10\/3f9a6ab6-1324-4c51-8079-4920d33d067f-1024x768.jpg\" alt=\"\" class=\"wp-image-198\" style=\"aspect-ratio:1;object-fit:cover\" srcset=\"https:\/\/fischereivereinleingarten.de\/wp-content\/uploads\/2025\/10\/3f9a6ab6-1324-4c51-8079-4920d33d067f-1024x768.jpg 1024w, https:\/\/fischereivereinleingarten.de\/wp-content\/uploads\/2025\/10\/3f9a6ab6-1324-4c51-8079-4920d33d067f-300x225.jpg 300w, https:\/\/fischereivereinleingarten.de\/wp-content\/uploads\/2025\/10\/3f9a6ab6-1324-4c51-8079-4920d33d067f-768x576.jpg 768w, https:\/\/fischereivereinleingarten.de\/wp-content\/uploads\/2025\/10\/3f9a6ab6-1324-4c51-8079-4920d33d067f-1536x1152.jpg 1536w, https:\/\/fischereivereinleingarten.de\/wp-content\/uploads\/2025\/10\/3f9a6ab6-1324-4c51-8079-4920d33d067f.jpg 1600w\" sizes=\"auto, (max-width: 1024px) 100vw, 1024px\" \/><\/figure>\n\n\n\n<figure class=\"wp-block-image size-large ext-aspect-landscape\"><img loading=\"lazy\" decoding=\"async\" width=\"768\" height=\"1024\" src=\"https:\/\/fischereivereinleingarten.de\/wp-content\/uploads\/2025\/10\/79de5a6c-4f46-4250-99d1-59b237bbeb1f-768x1024.jpg\" alt=\"\" class=\"wp-image-226\" style=\"aspect-ratio:1;object-fit:cover\" srcset=\"https:\/\/fischereivereinleingarten.de\/wp-content\/uploads\/2025\/10\/79de5a6c-4f46-4250-99d1-59b237bbeb1f-768x1024.jpg 768w, https:\/\/fischereivereinleingarten.de\/wp-content\/uploads\/2025\/10\/79de5a6c-4f46-4250-99d1-59b237bbeb1f-225x300.jpg 225w, https:\/\/fischereivereinleingarten.de\/wp-content\/uploads\/2025\/10\/79de5a6c-4f46-4250-99d1-59b237bbeb1f-1152x1536.jpg 1152w, https:\/\/fischereivereinleingarten.de\/wp-content\/uploads\/2025\/10\/79de5a6c-4f46-4250-99d1-59b237bbeb1f.jpg 1500w\" sizes=\"auto, (max-width: 768px) 100vw, 768px\" \/><\/figure>\n<\/div>\n\n\n\n<div class=\"wp-block-column is-layout-flow wp-container-core-column-is-layout-f5bb311e wp-block-column-is-layout-flow\">\n<figure class=\"wp-block-image size-large ext-aspect-landscape\"><img loading=\"lazy\" decoding=\"async\" width=\"1069\" height=\"1069\" src=\"https:\/\/fischereivereinleingarten.de\/wp-content\/uploads\/2025\/10\/5ce930a7-0aac-4c02-87c5-4ee8a464d7a4-edited.jpg\" alt=\"\" class=\"wp-image-223\" style=\"aspect-ratio:1;object-fit:cover\" srcset=\"https:\/\/fischereivereinleingarten.de\/wp-content\/uploads\/2025\/10\/5ce930a7-0aac-4c02-87c5-4ee8a464d7a4-edited.jpg 1069w, https:\/\/fischereivereinleingarten.de\/wp-content\/uploads\/2025\/10\/5ce930a7-0aac-4c02-87c5-4ee8a464d7a4-edited-300x300.jpg 300w, https:\/\/fischereivereinleingarten.de\/wp-content\/uploads\/2025\/10\/5ce930a7-0aac-4c02-87c5-4ee8a464d7a4-edited-1024x1024.jpg 1024w, https:\/\/fischereivereinleingarten.de\/wp-content\/uploads\/2025\/10\/5ce930a7-0aac-4c02-87c5-4ee8a464d7a4-edited-150x150.jpg 150w, https:\/\/fischereivereinleingarten.de\/wp-content\/uploads\/2025\/10\/5ce930a7-0aac-4c02-87c5-4ee8a464d7a4-edited-768x768.jpg 768w\" sizes=\"auto, (max-width: 1069px) 100vw, 1069px\" \/><\/figure>\n\n\n\n<figure class=\"wp-block-image size-full ext-aspect-landscape\"><img loading=\"lazy\" decoding=\"async\" width=\"688\" height=\"875\" src=\"https:\/\/fischereivereinleingarten.de\/wp-content\/uploads\/2025\/10\/1071da78-7012-4ccb-b5b9-db4d74cb0f90.jpg\" alt=\"\" class=\"wp-image-206\" style=\"aspect-ratio:1;object-fit:cover\" srcset=\"https:\/\/fischereivereinleingarten.de\/wp-content\/uploads\/2025\/10\/1071da78-7012-4ccb-b5b9-db4d74cb0f90.jpg 688w, https:\/\/fischereivereinleingarten.de\/wp-content\/uploads\/2025\/10\/1071da78-7012-4ccb-b5b9-db4d74cb0f90-236x300.jpg 236w\" sizes=\"auto, (max-width: 688px) 100vw, 688px\" \/><\/figure>\n<\/div>\n\n\n\n<div class=\"wp-block-column is-layout-flow wp-container-core-column-is-layout-f5bb311e wp-block-column-is-layout-flow\">\n<figure class=\"wp-block-image size-large ext-aspect-landscape\"><img loading=\"lazy\" decoding=\"async\" width=\"1069\" height=\"1069\" src=\"https:\/\/fischereivereinleingarten.de\/wp-content\/uploads\/2025\/10\/ab02a866-62a7-4e04-acb4-558dbd0212c1-edited.jpg\" alt=\"\" class=\"wp-image-222\" style=\"aspect-ratio:1;object-fit:cover\" srcset=\"https:\/\/fischereivereinleingarten.de\/wp-content\/uploads\/2025\/10\/ab02a866-62a7-4e04-acb4-558dbd0212c1-edited.jpg 1069w, https:\/\/fischereivereinleingarten.de\/wp-content\/uploads\/2025\/10\/ab02a866-62a7-4e04-acb4-558dbd0212c1-edited-300x300.jpg 300w, https:\/\/fischereivereinleingarten.de\/wp-content\/uploads\/2025\/10\/ab02a866-62a7-4e04-acb4-558dbd0212c1-edited-1024x1024.jpg 1024w, https:\/\/fischereivereinleingarten.de\/wp-content\/uploads\/2025\/10\/ab02a866-62a7-4e04-acb4-558dbd0212c1-edited-150x150.jpg 150w, https:\/\/fischereivereinleingarten.de\/wp-content\/uploads\/2025\/10\/ab02a866-62a7-4e04-acb4-558dbd0212c1-edited-768x768.jpg 768w\" sizes=\"auto, (max-width: 1069px) 100vw, 1069px\" \/><\/figure>\n\n\n\n<figure class=\"wp-block-image size-large ext-aspect-landscape\"><img loading=\"lazy\" decoding=\"async\" width=\"768\" height=\"1024\" src=\"https:\/\/fischereivereinleingarten.de\/wp-content\/uploads\/2025\/10\/f5272856-70e5-4a8b-9378-87841b068fe2-768x1024.jpg\" alt=\"\" class=\"wp-image-207\" style=\"aspect-ratio:1;object-fit:cover\" srcset=\"https:\/\/fischereivereinleingarten.de\/wp-content\/uploads\/2025\/10\/f5272856-70e5-4a8b-9378-87841b068fe2-768x1024.jpg 768w, https:\/\/fischereivereinleingarten.de\/wp-content\/uploads\/2025\/10\/f5272856-70e5-4a8b-9378-87841b068fe2-225x300.jpg 225w, https:\/\/fischereivereinleingarten.de\/wp-content\/uploads\/2025\/10\/f5272856-70e5-4a8b-9378-87841b068fe2-1152x1536.jpg 1152w, https:\/\/fischereivereinleingarten.de\/wp-content\/uploads\/2025\/10\/f5272856-70e5-4a8b-9378-87841b068fe2.jpg 1200w\" sizes=\"auto, (max-width: 768px) 100vw, 768px\" \/><\/figure>\n<\/div>\n\n\n\n<div class=\"wp-block-column is-layout-flow wp-container-core-column-is-layout-f5bb311e wp-block-column-is-layout-flow\">\n<figure class=\"wp-block-image size-full ext-aspect-landscape\"><img loading=\"lazy\" decoding=\"async\" width=\"1512\" height=\"1512\" src=\"https:\/\/fischereivereinleingarten.de\/wp-content\/uploads\/2025\/10\/2a140cc8-e07b-427b-8fa0-9f5e206fe067-edited.jpg\" alt=\"\" class=\"wp-image-227\" style=\"aspect-ratio:1;object-fit:cover\" srcset=\"https:\/\/fischereivereinleingarten.de\/wp-content\/uploads\/2025\/10\/2a140cc8-e07b-427b-8fa0-9f5e206fe067-edited.jpg 1512w, https:\/\/fischereivereinleingarten.de\/wp-content\/uploads\/2025\/10\/2a140cc8-e07b-427b-8fa0-9f5e206fe067-edited-300x300.jpg 300w, https:\/\/fischereivereinleingarten.de\/wp-content\/uploads\/2025\/10\/2a140cc8-e07b-427b-8fa0-9f5e206fe067-edited-1024x1024.jpg 1024w, https:\/\/fischereivereinleingarten.de\/wp-content\/uploads\/2025\/10\/2a140cc8-e07b-427b-8fa0-9f5e206fe067-edited-150x150.jpg 150w, https:\/\/fischereivereinleingarten.de\/wp-content\/uploads\/2025\/10\/2a140cc8-e07b-427b-8fa0-9f5e206fe067-edited-768x768.jpg 768w\" sizes=\"auto, (max-width: 1512px) 100vw, 1512px\" \/><\/figure>\n\n\n\n<figure class=\"wp-block-image size-large ext-aspect-landscape\"><img loading=\"lazy\" decoding=\"async\" width=\"771\" height=\"1024\" src=\"https:\/\/fischereivereinleingarten.de\/wp-content\/uploads\/2025\/10\/7a74ef6c-abc9-4dae-83e2-508b1b383e75-771x1024.jpg\" alt=\"\" class=\"wp-image-208\" style=\"aspect-ratio:1;object-fit:cover\" srcset=\"https:\/\/fischereivereinleingarten.de\/wp-content\/uploads\/2025\/10\/7a74ef6c-abc9-4dae-83e2-508b1b383e75-771x1024.jpg 771w, https:\/\/fischereivereinleingarten.de\/wp-content\/uploads\/2025\/10\/7a74ef6c-abc9-4dae-83e2-508b1b383e75-226x300.jpg 226w, https:\/\/fischereivereinleingarten.de\/wp-content\/uploads\/2025\/10\/7a74ef6c-abc9-4dae-83e2-508b1b383e75-768x1019.jpg 768w, https:\/\/fischereivereinleingarten.de\/wp-content\/uploads\/2025\/10\/7a74ef6c-abc9-4dae-83e2-508b1b383e75-1157x1536.jpg 1157w, https:\/\/fischereivereinleingarten.de\/wp-content\/uploads\/2025\/10\/7a74ef6c-abc9-4dae-83e2-508b1b383e75.jpg 1179w\" sizes=\"auto, (max-width: 771px) 100vw, 771px\" \/><\/figure>\n<\/div>\n<\/div>\n<\/div>\n<\/div>\n\n\n\n<div class=\"wp-block-group alignfull has-tertiary-background-color has-background has-global-padding is-layout-constrained wp-container-core-group-is-layout-7276a2bb wp-block-group-is-layout-constrained\" style=\"margin-top:0;margin-bottom:0;padding-top:var(--wp--preset--spacing--60);padding-right:var(--wp--preset--spacing--30);padding-bottom:var(--wp--preset--spacing--60);padding-left:var(--wp--preset--spacing--30)\">\n<div class=\"wp-block-buttons is-content-justification-center is-layout-flex wp-container-core-buttons-is-layout-a89b3969 wp-block-buttons-is-layout-flex\">\n<div class=\"wp-block-button\"><a class=\"wp-block-button__link wp-element-button\">Hinter den Kulissen<\/a><\/div>\n<\/div>\n\n\n\n<figure class=\"wp-block-gallery has-nested-images columns-default is-cropped wp-block-gallery-1 is-layout-flex wp-block-gallery-is-layout-flex\">\n<figure class=\"wp-block-image size-large ext-aspect-landscape\"><img loading=\"lazy\" decoding=\"async\" width=\"768\" height=\"1024\" data-id=\"214\" src=\"https:\/\/fischereivereinleingarten.de\/wp-content\/uploads\/2025\/10\/59c403c3-3830-43e9-8c65-58bbb0f08d18-768x1024.jpg\" alt=\"\" class=\"wp-image-214\" style=\"aspect-ratio:1;object-fit:cover\" srcset=\"https:\/\/fischereivereinleingarten.de\/wp-content\/uploads\/2025\/10\/59c403c3-3830-43e9-8c65-58bbb0f08d18-768x1024.jpg 768w, https:\/\/fischereivereinleingarten.de\/wp-content\/uploads\/2025\/10\/59c403c3-3830-43e9-8c65-58bbb0f08d18-225x300.jpg 225w, https:\/\/fischereivereinleingarten.de\/wp-content\/uploads\/2025\/10\/59c403c3-3830-43e9-8c65-58bbb0f08d18-1152x1536.jpg 1152w, https:\/\/fischereivereinleingarten.de\/wp-content\/uploads\/2025\/10\/59c403c3-3830-43e9-8c65-58bbb0f08d18.jpg 1500w\" sizes=\"auto, (max-width: 768px) 100vw, 768px\" \/><\/figure>\n\n\n\n<figure class=\"wp-block-image size-large ext-aspect-landscape\"><img loading=\"lazy\" decoding=\"async\" width=\"576\" height=\"1024\" data-id=\"218\" src=\"https:\/\/fischereivereinleingarten.de\/wp-content\/uploads\/2025\/10\/527bd73c-f8aa-43b3-a933-79901eb3aa44-576x1024.jpg\" alt=\"\" class=\"wp-image-218\" style=\"aspect-ratio:1;object-fit:cover\" srcset=\"https:\/\/fischereivereinleingarten.de\/wp-content\/uploads\/2025\/10\/527bd73c-f8aa-43b3-a933-79901eb3aa44-576x1024.jpg 576w, https:\/\/fischereivereinleingarten.de\/wp-content\/uploads\/2025\/10\/527bd73c-f8aa-43b3-a933-79901eb3aa44-169x300.jpg 169w, https:\/\/fischereivereinleingarten.de\/wp-content\/uploads\/2025\/10\/527bd73c-f8aa-43b3-a933-79901eb3aa44-768x1365.jpg 768w, https:\/\/fischereivereinleingarten.de\/wp-content\/uploads\/2025\/10\/527bd73c-f8aa-43b3-a933-79901eb3aa44-864x1536.jpg 864w, https:\/\/fischereivereinleingarten.de\/wp-content\/uploads\/2025\/10\/527bd73c-f8aa-43b3-a933-79901eb3aa44.jpg 1152w\" sizes=\"auto, (max-width: 576px) 100vw, 576px\" \/><\/figure>\n\n\n\n<figure class=\"wp-block-image size-large ext-aspect-landscape\"><img loading=\"lazy\" decoding=\"async\" width=\"768\" height=\"1024\" data-id=\"219\" src=\"https:\/\/fischereivereinleingarten.de\/wp-content\/uploads\/2025\/10\/33dff830-504c-4bb6-aef3-bdc6249d319b-768x1024.jpg\" alt=\"\" class=\"wp-image-219\" style=\"aspect-ratio:1;object-fit:cover\" srcset=\"https:\/\/fischereivereinleingarten.de\/wp-content\/uploads\/2025\/10\/33dff830-504c-4bb6-aef3-bdc6249d319b-768x1024.jpg 768w, https:\/\/fischereivereinleingarten.de\/wp-content\/uploads\/2025\/10\/33dff830-504c-4bb6-aef3-bdc6249d319b-225x300.jpg 225w, https:\/\/fischereivereinleingarten.de\/wp-content\/uploads\/2025\/10\/33dff830-504c-4bb6-aef3-bdc6249d319b-1152x1536.jpg 1152w, https:\/\/fischereivereinleingarten.de\/wp-content\/uploads\/2025\/10\/33dff830-504c-4bb6-aef3-bdc6249d319b.jpg 1500w\" sizes=\"auto, (max-width: 768px) 100vw, 768px\" \/><\/figure>\n<\/figure>\n<\/div>\n\n\n\n<div class=\"wp-block-columns is-layout-flex wp-container-core-columns-is-layout-28f84493 wp-block-columns-is-layout-flex\">\n<div class=\"wp-block-column is-layout-flow wp-block-column-is-layout-flow\" style=\"flex-basis:100%\"><\/div>\n<\/div>\n\n\n\n<p><\/p>\n","protected":false},"excerpt":{"rendered":"<p>Die Gr\u00fcndung der Gruppe &#8222;Wagenbau&#8220; Als der Aufruf der Stadt Leingarten kam, dass sich die Vereine wieder aktiv am K\u00e4seritt und dem gro\u00dfen Umzug beteiligen sollen, war f\u00fcr uns Fischer sofort klar: Na klar, da sind wir wieder dabei! Das Thema war auch schnell gefunden. Da unser Verein 1972 gegr\u00fcndet wurde, lag es auf der [&hellip;]<\/p>\n","protected":false},"author":1,"featured_media":0,"parent":0,"menu_order":0,"comment_status":"closed","ping_status":"closed","template":"page-with-title","meta":{"footnotes":""},"class_list":["post-193","page","type-page","status-publish","hentry"],"_links":{"self":[{"href":"https:\/\/fischereivereinleingarten.de\/index.php?rest_route=\/wp\/v2\/pages\/193","targetHints":{"allow":["GET"]}}],"collection":[{"href":"https:\/\/fischereivereinleingarten.de\/index.php?rest_route=\/wp\/v2\/pages"}],"about":[{"href":"https:\/\/fischereivereinleingarten.de\/index.php?rest_route=\/wp\/v2\/types\/page"}],"author":[{"embeddable":true,"href":"https:\/\/fischereivereinleingarten.de\/index.php?rest_route=\/wp\/v2\/users\/1"}],"replies":[{"embeddable":true,"href":"https:\/\/fischereivereinleingarten.de\/index.php?rest_route=%2Fwp%2Fv2%2Fcomments&post=193"}],"version-history":[{"count":12,"href":"https:\/\/fischereivereinleingarten.de\/index.php?rest_route=\/wp\/v2\/pages\/193\/revisions"}],"predecessor-version":[{"id":244,"href":"https:\/\/fischereivereinleingarten.de\/index.php?rest_route=\/wp\/v2\/pages\/193\/revisions\/244"}],"wp:attachment":[{"href":"https:\/\/fischereivereinleingarten.de\/index.php?rest_route=%2Fwp%2Fv2%2Fmedia&parent=193"}],"curies":[{"name":"wp","href":"https:\/\/api.w.org\/{rel}","templated":true}]}}